{"id":35,"date":"2019-02-21T11:42:07","date_gmt":"2019-02-21T10:42:07","guid":{"rendered":"http:\/\/www.bubenik.cz\/?page_id=35"},"modified":"2019-02-21T12:23:05","modified_gmt":"2019-02-21T11:23:05","slug":"kontakt","status":"publish","type":"page","link":"http:\/\/www.bubenik.cz\/index.php\/kontakt\/","title":{"rendered":"Kontakt"},"content":{"rendered":"\n<p><strong> Adresa provozovny: <\/strong><br> Jonash creative s.r.o.<br> Podles\u00ed 484, 757 01 Vala\u0161sk\u00e9 Mezi\u0159\u00ed\u010d\u00ed<br> tel +420 571 623 798<br> mob +420 777 099 669<br><br>I\u010c: 02998 971<br>DI\u010c: CZ02998971<br><br><\/p>\n\n\n\n<p>MAPA:<br><div id=\"wpgmza_map\" data-settings='{\"id\":\"1\",\"map_title\":\"Provozovna\",\"map_width\":\"100\",\"map_height\":\"400\",\"map_start_lat\":\"49.457359\",\"map_start_lng\":\"17.961627\",\"map_start_location\":\"49.457358997277424,17.96162652284333\",\"map_start_zoom\":\"12\",\"default_marker\":\"0\",\"type\":\"1\",\"alignment\":\"1\",\"directions_enabled\":\"1\",\"styling_enabled\":\"0\",\"styling_json\":\"\",\"active\":\"0\",\"kml\":\"\",\"bicycle\":\"2\",\"traffic\":\"2\",\"dbox\":\"1\",\"dbox_width\":\"100\",\"listmarkers\":\"0\",\"listmarkers_advanced\":\"0\",\"filterbycat\":\"0\",\"ugm_enabled\":\"0\",\"ugm_category_enabled\":\"0\",\"fusion\":\"\",\"map_width_type\":\"\\\\%\",\"map_height_type\":\"px\",\"mass_marker_support\":\"1\",\"ugm_access\":\"0\",\"order_markers_by\":\"1\",\"order_markers_choice\":\"2\",\"show_user_location\":\"0\",\"default_to\":\"\",\"other_settings\":{\"store_locator_enabled\":2,\"store_locator_distance\":2,\"store_locator_default_radius\":\"10\",\"store_locator_not_found_message\":\"No results found in this location. Please try again.\",\"store_locator_bounce\":1,\"store_locator_query_string\":\"ZIP \\\/ Address:\",\"store_locator_default_address\":\"\",\"wpgmza_store_locator_restrict\":\"\",\"store_locator_style\":\"modern\",\"wpgmza_store_locator_radius_style\":\"modern\",\"map_max_zoom\":\"1\",\"transport_layer\":2,\"wpgmza_show_points_of_interest\":0}}' data-shortcode-attributes='{\"id\":\"1\"}' style=\"display:block; overflow:auto; width:100%; height:400px; float:left;\"><\/div><br><\/p>\n","protected":false},"excerpt":{"rendered":"<p>Adresa provozovny: Jonash creative s.r.o. Podles\u00ed 484, 757 01 Vala\u0161sk\u00e9 Mezi\u0159\u00ed\u010d\u00ed tel +420 571 623 798 mob +420 777 099 669 I\u010c: 02998 971DI\u010c: CZ02998971 MAPA:<\/p>\n","protected":false},"author":1,"featured_media":14,"parent":0,"menu_order":0,"comment_status":"closed","ping_status":"closed","template":"","meta":[],"_links":{"self":[{"href":"http:\/\/www.bubenik.cz\/index.php\/wp-json\/wp\/v2\/pages\/35"}],"collection":[{"href":"http:\/\/www.bubenik.cz\/index.php\/wp-json\/wp\/v2\/pages"}],"about":[{"href":"http:\/\/www.bubenik.cz\/index.php\/wp-json\/wp\/v2\/types\/page"}],"author":[{"embeddable":true,"href":"http:\/\/www.bubenik.cz\/index.php\/wp-json\/wp\/v2\/users\/1"}],"replies":[{"embeddable":true,"href":"http:\/\/www.bubenik.cz\/index.php\/wp-json\/wp\/v2\/comments?post=35"}],"version-history":[{"count":4,"href":"http:\/\/www.bubenik.cz\/index.php\/wp-json\/wp\/v2\/pages\/35\/revisions"}],"predecessor-version":[{"id":57,"href":"http:\/\/www.bubenik.cz\/index.php\/wp-json\/wp\/v2\/pages\/35\/revisions\/57"}],"wp:featuredmedia":[{"embeddable":true,"href":"http:\/\/www.bubenik.cz\/index.php\/wp-json\/wp\/v2\/media\/14"}],"wp:attachment":[{"href":"http:\/\/www.bubenik.cz\/index.php\/wp-json\/wp\/v2\/media?parent=35"}],"curies":[{"name":"wp","href":"https:\/\/api.w.org\/{rel}","templated":true}]}}