{"id":10,"date":"2019-02-20T13:41:12","date_gmt":"2019-02-20T12:41:12","guid":{"rendered":"http:\/\/www.bubenik.cz\/index.php\/mesmerize\/"},"modified":"2019-02-21T11:53:09","modified_gmt":"2019-02-21T10:53:09","slug":"mesmerize","status":"publish","type":"page","link":"http:\/\/www.bubenik.cz\/","title":{"rendered":"Front Page"},"content":{"rendered":"<div  id=\"features-3\" style=\"background-color: #ffffff;\" data-label=\"Features\" data-id=\"features-12-card-bordered\" data-export-id=\"features-12-card-bordered\" data-category=\"features\" class=\"features-12-card-bordered content-section content-section-spacing \"><div  class=\"gridContainer\"> <div  class=\"row text-center\"><div  class=\"section-title-col\" data-type=\"column\"> <h2  class=\"\">Vy\u0159e\u0161\u00edme Va\u0161e pot\u0159eby udr\u017eov\u00e1n\u00ed teploty a kvality vzduchu.<\/h2> <p  class=\"lead\">Nab\u00edz\u00edme kompletn\u00ed sortiment vzduchotechniky od vzduchovod\u016f, ventil\u00e1tor\u016f, v\u011btrac\u00edch jednotek a\u017e po filtry pro vzduchotechniku. Garantujeme profesion\u00e1ln\u00ed p\u0159\u00edstup, rychlou dopravu a f\u00e9rov\u00e9 ceny.<\/p><\/div> <\/div> <div  class=\"row spaced-cols\" data-type=\"row\"> <div  class=\"col-sm-6\"> <div  class=\"card row-card bordered y-move\"> <div  class=\"row\"> <div  class=\"col-sm-fit icon-column\"> <i  class=\"fa icon color2 fa-thermometer-2 bordered round\"><\/i> <\/div> <div  class=\"col-sm\" data-type=\"column\"> <h5  class=\"color2\">Pr\u016fmyslov\u00e9 chlazen\u00ed<\/h5> <p  class=\"\">Pr\u016fmyslov\u00e9 chlazen\u00ed se vyu\u017e\u00edv\u00e1 t\u00e9m\u011b\u0159 ve v\u0161ech odv\u011btv\u00ed pr\u016fmyslu nap\u0159\u00edklad stroj\u00edrensk\u00e9m, potravin\u00e1\u0159sk\u00e9m, farmaceutick\u00e9m, chemick\u00e9m, energetick\u00e9m atd. Nab\u00edz\u00edme mo\u017en\u00e1 \u0159e\u0161en\u00ed od mal\u00fdch obchod\u016f po velk\u00e9 pr\u016fmyslov\u00e9 haly, objekty \u010di technologie.<\/p><\/div> <\/div><\/div> <\/div> <div  class=\"col-sm-6\"> <div  class=\"card row-card bordered y-move\"> <div  class=\"row\"> <div  class=\"col-sm-fit icon-column\"> <i  class=\"fa icon color2 fa-thermometer bordered round\"><\/i> <\/div> <div  class=\"col-sm\" data-type=\"column\"> <h5  class=\"color2\">Tepeln\u00e1 \u010derpadla<\/h5> <p  class=\"\">Tepeln\u00e1 \u010derpadla se \u0159ad\u00ed mezi alternativn\u00ed zdroje energie, proto\u017ee umo\u017e\u0148uj\u00ed odn\u00edmat teplo z okoln\u00edho prost\u0159ed\u00ed (vody, vzduchu nebo zem\u011b), p\u0159ev\u00e1d\u011bt ho na vy\u0161\u0161\u00ed teplotn\u00ed hladinu a n\u00e1sledn\u011b \u00fa\u010deln\u011b vyu\u017e\u00edt pro vyt\u00e1p\u011bn\u00ed nebo p\u0159\u00edpravu tepl\u00e9 vody. \n<\/p><\/div> <\/div><\/div> <\/div> <div  class=\"col-sm-6\"> <div  class=\"card row-card bordered y-move\"> <div  class=\"row\"> <div  class=\"col-sm-fit icon-column\"> <i  class=\"fa icon color2 fa-snowflake-o bordered round\"><\/i> <\/div> <div  class=\"col-sm\" data-type=\"column\"> <h5  class=\"color2\">Klimatizace<\/h5> <p  class=\"\">Pokud se pot\u0159ebujete v letn\u00edch m\u011bs\u00edc\u00edch ochladit, m\u00e1te v sou\u010dasn\u00e9 dob\u011b na v\u00fdb\u011br z cel\u00e9 \u0159ady mobiln\u00edch nebo pevn\u011b instalovan\u00fdch klimatizac\u00ed. Rozhoduj\u00edc\u00ed p\u0159i v\u00fdb\u011bru ide\u00e1ln\u00ed klimatizace je to, jak se mezi typy klimatizac\u00ed zorientovat a podle jak\u00fdch parametr\u016f vybrat tu spr\u00e1vnou.\n<\/p><\/div> <\/div><\/div> <\/div> <div  class=\"col-sm-6\"> <div  class=\"card row-card bordered y-move\"> <div  class=\"row\"> <div  class=\"col-sm-fit icon-column\"> <i  class=\"fa icon color2 fa-exclamation bordered round\"><\/i> <\/div> <div  class=\"col-sm\" data-type=\"column\"> <h5  class=\"color2\">Povinn\u00e9 revize<\/h5> <p  class=\"\">Ka\u017ed\u00e1 firma i podnikaj\u00edc\u00ed fyzick\u00e1 osoba je ze z\u00e1kona povinna zaji\u0161\u0165ovat pravidelnou kontrolu stavu technick\u00fdch za\u0159\u00edzen\u00ed, kter\u00e9 pou\u017e\u00edv\u00e1 p\u0159i v\u00fdkonu sv\u00e9 \u010dinnosti, z hlediska jejich bezpe\u010dnosti. Tato povinnost se vztahuje i na \u017eivnostn\u00edky, kte\u0159\u00ed pracuj\u00ed tzv. z domova, maj\u00ed-li v m\u00edst\u011b sv\u00e9ho bydli\u0161t\u011b hl\u00e1\u0161enou provozovnu. <\/p><\/div> <\/div><\/div> <\/div><\/div> <\/div><\/div>","protected":false},"excerpt":{"rendered":"<p>Vy\u0159e\u0161\u00edme Va\u0161e pot\u0159eby udr\u017eov\u00e1n\u00ed teploty a kvality vzduchu. Nab\u00edz\u00edme kompletn\u00ed sortiment vzduchotechniky od vzduchovod\u016f, ventil\u00e1tor\u016f, v\u011btrac\u00edch jednotek a\u017e po filtry pro vzduchotechniku. Garantujeme profesion\u00e1ln\u00ed p\u0159\u00edstup, rychlou dopravu a f\u00e9rov\u00e9 ceny. Pr\u016fmyslov\u00e9 chlazen\u00ed Pr\u016fmyslov\u00e9 chlazen\u00ed se vyu\u017e\u00edv\u00e1 t\u00e9m\u011b\u0159 ve v\u0161ech odv\u011btv\u00ed pr\u016fmyslu nap\u0159\u00edklad stroj\u00edrensk\u00e9m, potravin\u00e1\u0159sk\u00e9m, farmaceutick\u00e9m, chemick\u00e9m, energetick\u00e9m atd. Nab\u00edz\u00edme mo\u017en\u00e1 \u0159e\u0161en\u00ed od mal\u00fdch obchod\u016f po&hellip; <br \/> <a class=\"read-more\" href=\"http:\/\/www.bubenik.cz\/\">V\u00edce<\/a><\/p>\n","protected":false},"author":1,"featured_media":0,"parent":0,"menu_order":0,"comment_status":"closed","ping_status":"closed","template":"page-templates\/homepage.php","meta":[],"_links":{"self":[{"href":"http:\/\/www.bubenik.cz\/index.php\/wp-json\/wp\/v2\/pages\/10"}],"collection":[{"href":"http:\/\/www.bubenik.cz\/index.php\/wp-json\/wp\/v2\/pages"}],"about":[{"href":"http:\/\/www.bubenik.cz\/index.php\/wp-json\/wp\/v2\/types\/page"}],"author":[{"embeddable":true,"href":"http:\/\/www.bubenik.cz\/index.php\/wp-json\/wp\/v2\/users\/1"}],"replies":[{"embeddable":true,"href":"http:\/\/www.bubenik.cz\/index.php\/wp-json\/wp\/v2\/comments?post=10"}],"version-history":[{"count":7,"href":"http:\/\/www.bubenik.cz\/index.php\/wp-json\/wp\/v2\/pages\/10\/revisions"}],"predecessor-version":[{"id":45,"href":"http:\/\/www.bubenik.cz\/index.php\/wp-json\/wp\/v2\/pages\/10\/revisions\/45"}],"wp:attachment":[{"href":"http:\/\/www.bubenik.cz\/index.php\/wp-json\/wp\/v2\/media?parent=10"}],"curies":[{"name":"wp","href":"https:\/\/api.w.org\/{rel}","templated":true}]}}